{"id":269,"date":"2025-07-22T15:39:24","date_gmt":"2025-07-22T08:39:24","guid":{"rendered":"https:\/\/igo.net.vn\/?page_id=269"},"modified":"2025-07-22T15:53:49","modified_gmt":"2025-07-22T08:53:49","slug":"trung-tam-tro-giup","status":"publish","type":"page","link":"https:\/\/igo.net.vn\/en\/trung-tam-tro-giup\/","title":{"rendered":"Help Center"},"content":{"rendered":"<div data-elementor-type=\"wp-page\" data-elementor-id=\"269\" class=\"elementor elementor-269\" data-elementor-post-type=\"page\">\n\t\t\t\t<div class=\"aux-parallax-section elementor-element elementor-element-0a37bbc e-flex e-con-boxed e-con e-parent\" data-id=\"0a37bbc\" data-element_type=\"container\" data-settings=\"{&quot;background_background&quot;:&quot;classic&quot;}\">\n\t\t\t\t\t<div class=\"e-con-inner\">\n\t\t<div class=\"elementor-element elementor-element-60337a5 e-con-full e-flex e-con e-child\" data-id=\"60337a5\" data-element_type=\"container\" data-settings=\"{&quot;background_background&quot;:&quot;classic&quot;}\">\n\t\t\t\t<div class=\"elementor-element elementor-element-a0cc842 elementor-widget elementor-widget-aux_faq\" data-id=\"a0cc842\" data-element_type=\"widget\" data-widget_type=\"aux_faq.default\">\n\t\t\t\t<div class=\"elementor-element elementor-element-b438073 elementor-widget__width-auto aux-appear-watch-animation aux-slide-from-bot elementor-widget elementor-widget-aux_modern_heading\" data-id=\"b438073\" data-element_type=\"widget\" data-widget_type=\"aux_modern_heading.default\">\n\t\t\t\t<div class=\"elementor-widget-container\">\n\t\t\t\t\t<section class=\"aux-widget-modern-heading\">\n            <div class=\"aux-widget-inner\"><h5 class=\"aux-modern-heading-primary\"><\/h5><h3 class=\"aux-modern-heading-secondary\"><span class=\"aux-head-before\">TRUNG T\u00c2M TR\u1ee2 GI\u00daP<\/span><\/h3><\/div>\n        <\/section>\t\t\t\t<\/div>\n\t\t\t\t<\/div>\n\t\t\t\t<div class=\"elementor-widget-container\">\n\t\t\t\t\t<\/section><!-- widget-container -->\t\t\t\t<\/div>\n\t\t\t\t<\/div>\n\t\t<div class=\"elementor-element elementor-element-e0e37cd e-con-full e-flex e-con e-child\" data-id=\"e0e37cd\" data-element_type=\"container\">\n\t\t<div class=\"elementor-element elementor-element-74e87a4 e-con-full e-flex e-con e-child\" data-id=\"74e87a4\" data-element_type=\"container\">\n\t\t\t\t<div class=\"elementor-element elementor-element-9199ce0 aux-appear-watch-animation aux-scale-down-1 elementor-widget-tablet__width-inherit elementor-widget elementor-widget-aux_text\" data-id=\"9199ce0\" data-element_type=\"widget\" data-widget_type=\"aux_text.default\">\n\t\t\t\t<div class=\"elementor-widget-container\">\n\t\t\t\t\t<section class=\"widget-container aux-widget-text aux-parent-au9a209431\">        <div class=\"aux-widget-advanced-text aux-wrap-style-simple aux-ico-pos-top aux-text-left aux-text-resp- aux-text-color-dark aux-text-widget-bg-center\" >\n        \n                            <div class=\"aux-text-widget-header\"  >\n                        <div class=\"aux-ico-box aux-ico-large aux-img-box aux-ico-shape-default aux-ico-clear\">\n                                                                <img decoding=\"async\" width=\"48\" height=\"50\" src=\"https:\/\/igo.net.vn\/wp-content\/uploads\/2021\/08\/Location-Icon.svg\" class=\"aux-attachment aux-featured-image aux-attachment-id-29\" alt=\"demo-attachment-1909-Location-Icon\" data-ratio=\"0.96\" data-original-w=\"48\" \/>                                                    <\/div>\n                <\/div>\n            \n            <div class=\"aux-text-inner aux-text-widget-content\">\n                                <h4 class=\"col-title\">Office Location<\/h4>\n                                <div class=\"widget-content\">\n                                        <p>Vinhomes Greenbay, M\u1ec5 Tr\u00ec, Nam T\u1eeb Li\u00eam,<\/p><p>H\u00e0 N\u1ed9i<\/p>                <\/div>\n                            <\/div>\n        <\/div>\n                    <div class=\"aux-text-widget-footer\">\n                <div class=\"aux-border-shape-none\">\n                                <\/div>\n            <\/div>\n        \n<\/section><!-- widget-container -->\t\t\t\t<\/div>\n\t\t\t\t<\/div>\n\t\t\t\t<div class=\"elementor-element elementor-element-2a07239 aux-appear-watch-animation aux-scale-down-1 elementor-widget-tablet__width-inherit elementor-widget elementor-widget-aux_text\" data-id=\"2a07239\" data-element_type=\"widget\" data-widget_type=\"aux_text.default\">\n\t\t\t\t<div class=\"elementor-widget-container\">\n\t\t\t\t\t<section class=\"widget-container aux-widget-text aux-parent-aucae04790\">        <div class=\"aux-widget-advanced-text aux-wrap-style-simple aux-ico-pos-top aux-text-left aux-text-resp- aux-text-color-dark aux-text-widget-bg-center\" >\n        \n                            <div class=\"aux-text-widget-header\"  >\n                        <div class=\"aux-ico-box aux-ico-large aux-img-box aux-ico-shape-default aux-ico-clear\">\n                                                                <img decoding=\"async\" width=\"56\" height=\"50\" src=\"https:\/\/igo.net.vn\/wp-content\/uploads\/2021\/08\/Mail-Icon.svg\" class=\"aux-attachment aux-featured-image aux-attachment-id-30\" alt=\"demo-attachment-1910-Mail-Icon\" data-ratio=\"1.12\" data-original-w=\"56\" \/>                                                    <\/div>\n                <\/div>\n            \n            <div class=\"aux-text-inner aux-text-widget-content\">\n                                <h4 class=\"col-title\">Email<\/h4>\n                                <div class=\"widget-content\">\n                                        <p>info@igo.net.vn<\/p>                <\/div>\n                            <\/div>\n        <\/div>\n                    <div class=\"aux-text-widget-footer\">\n                <div class=\"aux-border-shape-none\">\n                                <\/div>\n            <\/div>\n        \n<\/section><!-- widget-container -->\t\t\t\t<\/div>\n\t\t\t\t<\/div>\n\t\t\t\t<\/div>\n\t\t<div class=\"elementor-element elementor-element-494327e e-con-full e-flex e-con e-child\" data-id=\"494327e\" data-element_type=\"container\">\n\t\t\t\t<div class=\"elementor-element elementor-element-e548110 aux-appear-watch-animation aux-scale-down-1 elementor-widget elementor-widget-aux_text\" data-id=\"e548110\" data-element_type=\"widget\" data-widget_type=\"aux_text.default\">\n\t\t\t\t<div class=\"elementor-widget-container\">\n\t\t\t\t\t<section class=\"widget-container aux-widget-text aux-parent-au5d4f5dde\">        <div class=\"aux-widget-advanced-text aux-wrap-style-simple aux-ico-pos-top aux-text-left aux-text-resp- aux-text-color-dark aux-text-widget-bg-center\" >\n        \n                            <div class=\"aux-text-widget-header\"  >\n                        <div class=\"aux-ico-box aux-ico-large aux-img-box aux-ico-shape-default aux-ico-clear\">\n                                                                <img decoding=\"async\" width=\"49\" height=\"50\" src=\"https:\/\/igo.net.vn\/wp-content\/uploads\/2021\/08\/working-hours.svg\" class=\"aux-attachment aux-featured-image aux-attachment-id-31\" alt=\"demo-attachment-1908-working-hours\" data-ratio=\"0.98\" data-original-w=\"49\" \/>                                                    <\/div>\n                <\/div>\n            \n            <div class=\"aux-text-inner aux-text-widget-content\">\n                                <h4 class=\"col-title\">Gi\u1edd l\u00e0m vi\u1ec7c<\/h4>\n                                <div class=\"widget-content\">\n                                        <p><span>Th\u1ee9 2 - 6:<\/span> 08:00 - 21:00<\/p><p><span>Th\u1ee9 7 - CN:<\/span> 08:00 - 19:00\u00a0<\/p>                <\/div>\n                            <\/div>\n        <\/div>\n                    <div class=\"aux-text-widget-footer\">\n                <div class=\"aux-border-shape-none\">\n                                <\/div>\n            <\/div>\n        \n<\/section><!-- widget-container -->\t\t\t\t<\/div>\n\t\t\t\t<\/div>\n\t\t\t\t<div class=\"elementor-element elementor-element-c71c24d aux-appear-watch-animation aux-scale-down-1 elementor-widget elementor-widget-aux_text\" data-id=\"c71c24d\" data-element_type=\"widget\" data-widget_type=\"aux_text.default\">\n\t\t\t\t<div class=\"elementor-widget-container\">\n\t\t\t\t\t<section class=\"widget-container aux-widget-text aux-parent-au396a89d5\">        <div class=\"aux-widget-advanced-text aux-wrap-style-simple aux-ico-pos-top aux-text-left aux-text-resp- aux-text-color-dark aux-text-widget-bg-center aux-text-no-content\" >\n        \n                            <div class=\"aux-text-widget-header\"  >\n                        <div class=\"aux-ico-box aux-ico-large aux-img-box aux-ico-shape-default aux-ico-clear\">\n                                                                <img loading=\"lazy\" decoding=\"async\" width=\"50\" height=\"50\" src=\"https:\/\/igo.net.vn\/wp-content\/uploads\/2021\/08\/Social-Media-Icon.svg\" class=\"aux-attachment aux-featured-image aux-attachment-id-32\" alt=\"demo-attachment-1907-Social-Media-Icon\" data-ratio=\"1\" data-original-w=\"50\" \/>                                                    <\/div>\n                <\/div>\n            \n            <div class=\"aux-text-inner aux-text-widget-content\">\n                                <h4 class=\"col-title\">M\u1ea1ng x\u00e3 h\u1ed9i<\/h4>\n                            <\/div>\n        <\/div>\n                    <div class=\"aux-text-widget-footer\">\n                <div class=\"aux-border-shape-none\">\n                                <\/div>\n            <\/div>\n        \n<\/section><!-- widget-container -->\t\t\t\t<\/div>\n\t\t\t\t<\/div>\n\t\t\t\t<div class=\"elementor-element elementor-element-5187b0e e-grid-align-left elementor-shape-rounded elementor-grid-0 elementor-widget elementor-widget-social-icons\" data-id=\"5187b0e\" data-element_type=\"widget\" data-widget_type=\"social-icons.default\">\n\t\t\t\t<div class=\"elementor-widget-container\">\n\t\t\t\t\t\t\t<div class=\"elementor-social-icons-wrapper elementor-grid\">\n\t\t\t\t\t\t\t<span class=\"elementor-grid-item\">\n\t\t\t\t\t<a class=\"elementor-icon elementor-social-icon elementor-social-icon-auxicon-facebook elementor-repeater-item-72086ab\" target=\"_blank\">\n\t\t\t\t\t\t<span class=\"elementor-screen-only\">Auxicon-facebook<\/span>\n\t\t\t\t\t\t<i class=\"auxicon auxicon-facebook\"><\/i>\t\t\t\t\t<\/a>\n\t\t\t\t<\/span>\n\t\t\t\t\t\t\t<span class=\"elementor-grid-item\">\n\t\t\t\t\t<a class=\"elementor-icon elementor-social-icon elementor-social-icon-twitter elementor-repeater-item-caeb247\" target=\"_blank\">\n\t\t\t\t\t\t<span class=\"elementor-screen-only\">Twitter<\/span>\n\t\t\t\t\t\t<i class=\"fab fa-twitter\"><\/i>\t\t\t\t\t<\/a>\n\t\t\t\t<\/span>\n\t\t\t\t\t\t\t<span class=\"elementor-grid-item\">\n\t\t\t\t\t<a class=\"elementor-icon elementor-social-icon elementor-social-icon-instagram elementor-repeater-item-c1a2c8f\" target=\"_blank\">\n\t\t\t\t\t\t<span class=\"elementor-screen-only\">Instagram<\/span>\n\t\t\t\t\t\t<i class=\"fab fa-instagram\"><\/i>\t\t\t\t\t<\/a>\n\t\t\t\t<\/span>\n\t\t\t\t\t<\/div>\n\t\t\t\t\t\t<\/div>\n\t\t\t\t<\/div>\n\t\t\t\t<\/div>\n\t\t\t\t<\/div>\n\t\t\t\t<\/div>\n\t\t<div class=\"elementor-element elementor-element-db546a2 e-con-full e-flex e-con e-child\" data-id=\"db546a2\" data-element_type=\"container\" data-settings=\"{&quot;background_background&quot;:&quot;classic&quot;}\">\n\t\t\t\t<div class=\"elementor-element elementor-element-87a63a5 elementor-widget__width-auto aux-appear-watch-animation aux-slide-from-bot elementor-widget elementor-widget-aux_modern_heading\" data-id=\"87a63a5\" data-element_type=\"widget\" data-widget_type=\"aux_modern_heading.default\">\n\t\t\t\t<div class=\"elementor-widget-container\">\n\t\t\t\t\t<section class=\"aux-widget-modern-heading\">\n            <div class=\"aux-widget-inner\"><h5 class=\"aux-modern-heading-primary\"><\/h5><h3 class=\"aux-modern-heading-secondary\"><span class=\"aux-head-before\">Y\u00eau c\u1ea7u x\u00f3a t\u00e0i kho\u1ea3n<\/span><\/h3><div class=\"aux-modern-heading-description\"><p>Vui l\u00f2ng \u0111i\u1ec1n \u0111\u1ea7y \u0111\u1ee7 c\u00e1c th\u00f4ng tin ph\u00eda d\u01b0\u1edbi, ch\u00fang t\u00f4i s\u1ebd nhanh ch\u00f3ng x\u00e1c minh v\u00e0 x\u1eed l\u00fd y\u00eau c\u1ea7u c\u1ee7a b\u1ea1n!<\/p><\/div><\/div>\n        <\/section>\t\t\t\t<\/div>\n\t\t\t\t<\/div>\n\t\t\t\t<div class=\"elementor-element elementor-element-2605a4f aux-appear-watch-animation aux-fade-in-up elementor-widget elementor-widget-aux_contact_form\" data-id=\"2605a4f\" data-element_type=\"widget\" data-widget_type=\"aux_contact_form.default\">\n\t\t\t\t<div class=\"elementor-widget-container\">\n\t\t\t\t\t<section class=\"widget-container aux-widget-contact-form aux-parent-au2a151bd3\">            <div class=\"aux-col-wrapper aux-no-gutter\">\n            <!-- @TODO - The output for element here -->\n\n            \n<div class=\"wpcf7 no-js\" id=\"wpcf7-f266-o1\" lang=\"vi\" dir=\"ltr\" data-wpcf7-id=\"266\">\n<div class=\"screen-reader-response\"><p role=\"status\" aria-live=\"polite\" aria-atomic=\"true\"><\/p> <ul><\/ul><\/div>\n<form action=\"\/en\/wp-json\/wp\/v2\/pages\/269#wpcf7-f266-o1\" method=\"post\" class=\"wpcf7-form init\" aria-label=\"Form li\u00ean h\u1ec7\" novalidate=\"novalidate\" data-status=\"init\" data-trp-original-action=\"\/en\/wp-json\/wp\/v2\/pages\/269#wpcf7-f266-o1\">\n<div style=\"display: none;\">\n<input type=\"hidden\" name=\"_wpcf7\" value=\"266\" \/>\n<input type=\"hidden\" name=\"_wpcf7_version\" value=\"6.0.6\" \/>\n<input type=\"hidden\" name=\"_wpcf7_locale\" value=\"vi\" \/>\n<input type=\"hidden\" name=\"_wpcf7_unit_tag\" value=\"wpcf7-f266-o1\" \/>\n<input type=\"hidden\" name=\"_wpcf7_container_post\" value=\"0\" \/>\n<input type=\"hidden\" name=\"_wpcf7_posted_data_hash\" value=\"\" \/>\n<\/div>\n<p><label> T\u00ean c\u1ee7a b\u1ea1n*<br \/>\n<span class=\"wpcf7-form-control-wrap\" data-name=\"your-name\"><input size=\"40\" maxlength=\"400\" class=\"wpcf7-form-control wpcf7-text wpcf7-validates-as-required\" autocomplete=\"name\" aria-required=\"true\" aria-invalid=\"false\" value=\"\" type=\"text\" name=\"your-name\" \/><\/span> <\/label>\n<\/p>\n<p><label> S\u1ed1 \u0111i\u1ec7n tho\u1ea1i \u0111\u0103ng k\u00fd t\u00e0i kho\u1ea3n*<br \/>\n<span class=\"wpcf7-form-control-wrap\" data-name=\"your-phone\"><input size=\"40\" maxlength=\"400\" class=\"wpcf7-form-control wpcf7-text wpcf7-validates-as-required\" autocomplete=\"phone\" aria-required=\"true\" aria-invalid=\"false\" value=\"\" type=\"text\" name=\"your-phone\" \/><\/span> <\/label>\n<\/p>\n<p><label> Ti\u00eau \u0111\u1ec1*:<br \/>\n<span class=\"wpcf7-form-control-wrap\" data-name=\"your-subject\"><input size=\"40\" maxlength=\"400\" class=\"wpcf7-form-control wpcf7-text wpcf7-validates-as-required\" aria-required=\"true\" aria-invalid=\"false\" value=\"\" type=\"text\" name=\"your-subject\" \/><\/span><\/label>\n<\/p>\n<p><label> V\u00ec sao b\u1ea1n mu\u1ed1n x\u00f3a t\u00e0i kho\u1ea3n n\u00e0y?*<br \/>\n<span class=\"wpcf7-form-control-wrap\" data-name=\"your-message\"><textarea cols=\"40\" rows=\"10\" maxlength=\"2000\" class=\"wpcf7-form-control wpcf7-textarea\" aria-invalid=\"false\" name=\"your-message\"><\/textarea><\/span> <\/label>\n<\/p>\n<p><input class=\"wpcf7-form-control wpcf7-submit has-spinner\" type=\"submit\" value=\"G\u1eedi y\u00eau c\u1ea7u\" \/>\n<\/p><div class=\"wpcf7-response-output\" aria-hidden=\"true\"><\/div>\n<input type=\"hidden\" name=\"trp-form-language\" value=\"en\"\/><\/form>\n<\/div>\n\n\n            <\/div><!-- aux-col-wrapper -->\n    <\/section><!-- widget-container -->\t\t\t\t<\/div>\n\t\t\t\t<\/div>\n\t\t\t\t<\/div>\n\t\t\t\t\t<\/div>\n\t\t\t\t<\/div>\n\t\t\t\t<\/div>","protected":false},"excerpt":{"rendered":"<p>TRUNG T\u00c2M TR\u1ee2 GI\u00daP L\u00e0m th\u1ebf n\u00e0o \u0111\u1ec3 t\u00f4i x\u00f3a t\u00e0i kho\u1ea3n? \u0110\u1ec3 g\u1eedi y\u00eau c\u1ea7u x\u00f3a t\u00e0i kho\u1ea3n, b\u1ea1n c\u00f3 th\u1ec3 th\u1ef1c hi\u1ec7n theo 2 c\u00e1ch sau: 1 . C\u00e1ch 1 M\u1edf \u1ee9ng d\u1ee5ng Igo \u0111\u00e3 c\u00e0i \u0111\u1eb7t tr\u00ean thi\u1ebft b\u1ecb c\u1ee7a b\u1ea1n. \u0110\u0103ng nh\u1eadp t\u00e0i kho\u1ea3n c\u1ea7n x\u00f3a. Truy c\u1eadp menu &#8220;Th\u00f4ng tin [&hellip;]<\/p>","protected":false},"author":1,"featured_media":0,"parent":0,"menu_order":0,"comment_status":"closed","ping_status":"closed","template":"templates\/page-builder-content.php","meta":{"footnotes":""},"class_list":["post-269","page","type-page","status-publish","hentry"],"_links":{"self":[{"href":"https:\/\/igo.net.vn\/en\/wp-json\/wp\/v2\/pages\/269","targetHints":{"allow":["GET"]}}],"collection":[{"href":"https:\/\/igo.net.vn\/en\/wp-json\/wp\/v2\/pages"}],"about":[{"href":"https:\/\/igo.net.vn\/en\/wp-json\/wp\/v2\/types\/page"}],"author":[{"embeddable":true,"href":"https:\/\/igo.net.vn\/en\/wp-json\/wp\/v2\/users\/1"}],"replies":[{"embeddable":true,"href":"https:\/\/igo.net.vn\/en\/wp-json\/wp\/v2\/comments?post=269"}],"version-history":[{"count":0,"href":"https:\/\/igo.net.vn\/en\/wp-json\/wp\/v2\/pages\/269\/revisions"}],"wp:attachment":[{"href":"https:\/\/igo.net.vn\/en\/wp-json\/wp\/v2\/media?parent=269"}],"curies":[{"name":"wp","href":"https:\/\/api.w.org\/{rel}","templated":true}]}}