{"id":447,"date":"2025-07-22T15:55:31","date_gmt":"2025-07-22T08:55:31","guid":{"rendered":"https:\/\/igo.net.vn\/?page_id=447"},"modified":"2025-07-22T16:03:30","modified_gmt":"2025-07-22T09:03:30","slug":"faq","status":"publish","type":"page","link":"https:\/\/igo.net.vn\/en\/faq\/","title":{"rendered":"FAQ"},"content":{"rendered":"<div data-elementor-type=\"wp-page\" data-elementor-id=\"447\" class=\"elementor elementor-447\" data-elementor-post-type=\"page\">\n\t\t\t\t<div class=\"aux-parallax-section elementor-element elementor-element-49854b2e e-flex e-con-boxed e-con e-parent\" data-id=\"49854b2e\" data-element_type=\"container\" data-settings=\"{&quot;background_background&quot;:&quot;classic&quot;}\">\n\t\t\t\t\t<div class=\"e-con-inner\">\n\t\t<div class=\"aux-parallax-section elementor-element elementor-element-9adc00d e-con-full e-flex e-con e-parent\" data-id=\"9adc00d\" data-element_type=\"container\" data-settings=\"{&quot;background_background&quot;:&quot;classic&quot;}\">\n\t\t\t\t<\/div>\n\t\t\t\t<div class=\"elementor-element elementor-element-576fce7 elementor-widget elementor-widget-aux_faq\" data-id=\"576fce7\" data-element_type=\"widget\" data-widget_type=\"aux_faq.default\">\n\t\t\t\t<div class=\"elementor-element elementor-element-f87376d elementor-widget elementor-widget-heading\" data-id=\"f87376d\" data-element_type=\"widget\" data-widget_type=\"heading.default\">\n\t\t\t\t<div class=\"elementor-widget-container\">\n\t\t\t\t\t<h2 class=\"elementor-heading-title elementor-size-default\">C\u00e2u h\u1ecfi th\u01b0\u1eddng g\u1eb7p - FAQ<\/h2>\t\t\t\t<\/div>\n\t\t\t\t<\/div>\n\t\t\t\t<div class=\"elementor-widget-container\">\n\t\t\t\t\t<\/section><!-- widget-container -->\t\t\t\t<\/div>\n\t\t\t\t<\/div>\n\t\t\t\t\t<\/div>\n\t\t\t\t<\/div>\n\t\t\t\t<\/div>","protected":false},"excerpt":{"rendered":"<p>C\u00e2u h\u1ecfi th\u01b0\u1eddng g\u1eb7p &#8211; FAQ L\u00e0m th\u1ebf n\u00e0o \u0111\u1ec3 \u0111\u0103ng k\u00fd tr\u1edf th\u00e0nh t\u00e0i x\u1ebf IGO? \u0110\u1ec3 \u0111\u0103ng k\u00fd t\u00e0i kho\u1ea3n t\u00e0i x\u1ebf, b\u1ea1n vui l\u00f2ng th\u1ef1c hi\u1ec7n theo c\u00e1c b\u01b0\u1edbc sau: C\u00e0i \u0111\u1eb7t v\u00e0 m\u1edf \u1ee9ng d\u1ee5ng IGO tr\u00ean thi\u1ebft b\u1ecb c\u1ee7a b\u1ea1n Nh\u1eadp s\u1ed1 \u0111i\u1ec7n tho\u1ea1i v\u00e0 x\u00e1c th\u1ef1c \u0111\u0103ng k\u00fd t\u00e0i [&hellip;]<\/p>","protected":false},"author":1,"featured_media":0,"parent":0,"menu_order":0,"comment_status":"closed","ping_status":"closed","template":"templates\/page-builder-content.php","meta":{"footnotes":""},"class_list":["post-447","page","type-page","status-publish","hentry"],"_links":{"self":[{"href":"https:\/\/igo.net.vn\/en\/wp-json\/wp\/v2\/pages\/447","targetHints":{"allow":["GET"]}}],"collection":[{"href":"https:\/\/igo.net.vn\/en\/wp-json\/wp\/v2\/pages"}],"about":[{"href":"https:\/\/igo.net.vn\/en\/wp-json\/wp\/v2\/types\/page"}],"author":[{"embeddable":true,"href":"https:\/\/igo.net.vn\/en\/wp-json\/wp\/v2\/users\/1"}],"replies":[{"embeddable":true,"href":"https:\/\/igo.net.vn\/en\/wp-json\/wp\/v2\/comments?post=447"}],"version-history":[{"count":0,"href":"https:\/\/igo.net.vn\/en\/wp-json\/wp\/v2\/pages\/447\/revisions"}],"wp:attachment":[{"href":"https:\/\/igo.net.vn\/en\/wp-json\/wp\/v2\/media?parent=447"}],"curies":[{"name":"wp","href":"https:\/\/api.w.org\/{rel}","templated":true}]}}