{"id":630,"date":"2025-10-09T02:44:09","date_gmt":"2025-10-08T19:44:09","guid":{"rendered":"https:\/\/igo.net.vn\/?page_id=630"},"modified":"2025-10-09T02:47:53","modified_gmt":"2025-10-08T19:47:53","slug":"co-che-giai-quyet-tranh-chap","status":"publish","type":"page","link":"https:\/\/igo.net.vn\/en\/co-che-giai-quyet-tranh-chap\/","title":{"rendered":"C\u01a1 ch\u1ebf gi\u1ea3i quy\u1ebft tranh ch\u1ea5p ph\u00e1t sinh"},"content":{"rendered":"<div data-elementor-type=\"wp-page\" data-elementor-id=\"630\" class=\"elementor elementor-630\" data-elementor-post-type=\"page\">\n\t\t\t\t<div class=\"aux-parallax-section elementor-element elementor-element-5fb54ee0 e-flex e-con-boxed e-con e-parent\" data-id=\"5fb54ee0\" data-element_type=\"container\">\n\t\t\t\t\t<div class=\"e-con-inner\">\n\t\t\t\t<div class=\"elementor-element elementor-element-79ac5db4 elementor-widget elementor-widget-text-editor\" data-id=\"79ac5db4\" data-element_type=\"widget\" data-widget_type=\"text-editor.default\">\n\t\t\t\t<div class=\"elementor-widget-container\">\n\t\t\t\t\t\t\t\t\t<h1 style=\"text-align: center;\">C\u01a0 CH\u1ebe GI\u1ea2I QUY\u1ebeT PH\u00c1T SINH TR\u00caN S\u00c0N IGO<\/h1>\n<ol>\n<li><strong>C\u01a1 ch\u1ebf ti\u1ebfp nh\u1eadn v\u00e0 gi\u1ea3i quy\u1ebft khi\u1ebfu n\u1ea1i c\u1ee7a ng\u01b0\u1eddi ti\u00eau d\u00f9ng li\u00ean quan \u0111\u1ebfn vi\u1ec7c th\u00f4ng tin c\u00e1 nh\u00e2n b\u1ecb s\u1eed d\u1ee5ng sai m\u1ee5c \u0111\u00edch ho\u1eb7c ph\u1ea1m vi \u0111\u00e3 th\u00f4ng b\u00e1o: <\/strong><\/li>\n<\/ol>\n<p><strong>=&gt; B\u01b0\u1edbc 1<\/strong>: Li\u00ean h\u1ec7 ngay \u0111\u1ebfn C\u00f4ng ty qu\u1ea3n l\u00fd S\u00e0n \u0111\u1ec3 \u0111\u01b0\u1ee3c ti\u1ebfp nh\u1eadn gi\u1ea3i quy\u1ebft<\/p>\n<p><strong>T\u00ean \u0111\u01a1n v\u1ecb:<\/strong> C\u00d4NG TY C\u1ed4 PH\u1ea6N TH\u01af\u01a0NG M\u1ea0I D\u1ecaCH V\u1ee4 IGO B\u00ccNH MINH<\/p>\n<p><strong>M\u00e3 s\u1ed1 thu\u1ebf:<\/strong> 0108998545<\/p>\n<p><strong>Tr\u1ee5 s\u1edf \u0110KKD:<\/strong> G3 Vinhomes Greenbay, ph\u01b0\u1eddng M\u1ec5 Tr\u00ec, qu\u1eadn Nam T\u1eeb Li\u00eam, th\u00e0nh ph\u1ed1 H\u00e0 N\u1ed9i.<\/p>\n<p><strong>Phone:<\/strong> 0948007900&nbsp;&nbsp;&nbsp;<\/p>\n<p><strong>Email<\/strong>: <a href=\"mailto:info@igo.net.vn\">info@igo.net.vn<\/a><\/p>\n<p><strong>*Ph\u01b0\u01a1ng ti\u1ec7n v\u00e0 c\u00f4ng c\u1ee5 \u0111\u1ec3 ng\u01b0\u1eddi d\u00f9ng ti\u1ebfp c\u1eadn v\u00e0 ch\u1ec9nh s\u1eeda d\u1eef li\u1ec7u c\u00e1 nh\u00e2n c\u1ee7a m\u00ecnh.<\/strong><strong> <br>=&gt; B\u01b0\u1edbc 2<\/strong>: Trong v\u00f2ng 05 ng\u00e0y l\u00e0m vi\u1ec7c, kh\u00e1ch h\u00e0ng ch\u01b0a nh\u1eadn \u0111\u01b0\u1ee3c ph\u1ea3n h\u1ed3i c\u1ee7a \u0111\u1ea1i di\u1ec7n S\u00e0n th\u00ec s\u1ebd ph\u1ea3n h\u1ed3i l\u00ean c\u00e1c c\u01a1 quan ch\u1ee9c n\u0103ng theo quy \u0111\u1ecbnh hi\u1ec7n h\u00e0nh v\u1ec1 b\u1ea3o m\u1eadt d\u1eef li\u1ec7u c\u00e1 nh\u00e2n.<\/p>\n<p>Khi c\u00e1 nh\u00e2n, t\u1ed5 ch\u1ee9c, doanh nghi\u1ec7p mu\u1ed1n l\u00e0m \u0111\u1ed1i t\u00e1c\/ng\u01b0\u1eddi mua c\u1ee7a s\u00e0n giao d\u1ecbch TM\u0110T IGO, \u0111\u1ed1i t\u00e1c\/ng\u01b0\u1eddi mua s\u1ebd cung c\u1ea5p th\u00f4ng tin cho ban qu\u1ea3n tr\u1ecb s\u00e0n TM\u0110T IGO qua c\u00e1c m\u1ee5c tr\u00ean giao di\u1ec7n APP. Khi c\u1ea7n ch\u1ec9nh s\u1eeda th\u00f4ng tin, \u0111\u1ed1i t\u00e1c s\u1ebd li\u00ean h\u1ec7 tr\u1ef1c ti\u1ebfp v\u1edbi s\u00e0n TM\u0110T IGO \u0111\u1ec3 th\u00f4ng b\u00e1o v\u00e0 cung c\u1ea5p th\u00f4ng tin c\u1ea7n ch\u1ec9nh s\u1eeda.<\/p>\n<p><strong>&nbsp;<\/strong><\/p>\n<p><strong>*Cam k\u1ebft b\u1ea3o m\u1eadt th\u00f4ng tin c\u00e1 nh\u00e2n \u0111\u1ed1i t\u00e1c<\/strong><\/p>\n<p>Ch\u00fang t\u00f4i cam k\u1ebft b\u1ea3o \u0111\u1ea3m an to\u00e0n th\u00f4ng tin cho \u0111\u1ed1i t\u00e1c khi \u0111\u0103ng k\u00fd th\u00f4ng tin v\u1edbi c\u00f4ng ty ch\u00fang t\u00f4i. Ch\u00fang t\u00f4i cam k\u1ebft kh\u00f4ng trao \u0111\u1ed5i mua b\u00e1n th\u00f4ng tin \u0111\u1ed1i t\u00e1c. Vi\u1ec7c s\u1eed d\u1ee5ng th\u00f4ng tin \u0111\u1ed1i t\u00e1c ch\u00fang t\u00f4i cam k\u1ebft th\u1ef1c hi\u1ec7n theo ch\u00ednh s\u00e1ch b\u1ea3o m\u1eadt c\u1ee7a C\u00f4ng ty.<\/p>\n<p><\/p>\n<p>Ch\u00fang t\u00f4i cam k\u1ebft s\u1ebd khi\u1ebfn qu\u00fd \u0111\u1ed1i t\u00e1c c\u1ea3m th\u1ea5y tin t\u01b0\u1edfng v\u00e0 h\u00e0i l\u00f2ng v\u1ec1 b\u1ea3o m\u1eadt th\u00f4ng tin c\u00e1 nh\u00e2n khi tham gia v\u00e0 s\u1eed d\u1ee5ng nh\u1eefng d\u1ecbch v\u1ee5 c\u1ee7a c\u00f4ng ty ch\u00fang t\u00f4i.<\/p>\n<p><\/p>\n<p>\u0110\u1ec3 b\u1ea3o m\u1eadt th\u00f4ng tin c\u1ee7a \u0111\u1ed1i t\u00e1c t\u1ed1t nh\u1ea5t, ch\u00fang t\u00f4i khuy\u1ebfn c\u00e1o qu\u00fd \u0111\u1ed1i t\u00e1c kh\u00f4ng cung c\u1ea5p th\u00f4ng tin cho b\u1ea5t c\u1ee9 ai kh\u00f4ng c\u00f3 th\u1ea9m quy\u1ec1n. Ch\u00fang t\u00f4i s\u1ebd kh\u00f4ng ch\u1ecbu tr\u00e1ch nhi\u1ec7m khi nh\u1eefng th\u00f4ng tin c\u00e1 nh\u00e2n c\u1ee7a qu\u00fd kh\u00e1ch b\u1ecb r\u00f2 r\u1ec9 v\u00ec nh\u1eefng l\u00fd do tr\u00ean.<\/p>\n<p><\/p>\n<p>Ch\u00ednh s\u00e1ch b\u1ea3o m\u1eadt th\u00f4ng tin ch\u1ec9 \u00e1p d\u1ee5ng nh\u1eefng th\u00f4ng tin m\u00e0 qu\u00fd \u0111\u1ed1i t\u00e1c \u0111\u0103ng k\u00fd tr\u00ean website ch\u00ednh th\u1ee9c <strong><u>https:\/\/igo.net.vn\/<\/u><\/strong> c\u1ee7a c\u00f4ng ty ch\u00fang t\u00f4i.<\/p>\n<p><\/p>\n<p>Ch\u00fang t\u00f4i lu\u00f4n nh\u1ea5n m\u1ea1nh kh\u1eb3ng \u0111\u1ecbnh r\u1eb1ng: Ch\u00fang t\u00f4i r\u1ea5t coi tr\u1ecdng quy\u1ec1n l\u1ee3i \u0111\u01b0\u1ee3c b\u1ea3o m\u1eadt th\u00f4ng tin c\u1ee7a qu\u00fd \u0111\u1ed1i t\u00e1c. N\u1ebfu nh\u01b0 qu\u00fd \u0111\u1ed1i t\u00e1c c\u00f3 b\u1ea5t c\u1ee9 th\u1eafc m\u1eafc hay g\u00f3p \u00fd n\u00e0o li\u00ean quan \u0111\u1ebfn ch\u00ednh s\u00e1ch b\u1ea3o m\u1eadt c\u1ee7a c\u00f4ng ty, xin vui l\u00f2ng li\u00ean h\u1ec7 v\u1edbi ch\u00fang t\u00f4i \u0111\u1ec3 \u0111\u01b0\u1ee3c h\u1ed7 tr\u1ee3.<\/p>\n<ol>\n<li><strong><em>II<\/em><\/strong><strong><em>. <\/em><\/strong><strong><em>Quy \u0111\u1ecbnh \u0111\u1ed1i v\u1edbi Nh\u00e0 cung c\u1ea5p d\u1ecbch v\u1ee5 l\u00e0 t\u00e0i x\u1ebf<\/em><\/strong><\/li>\n<\/ol>\n<p>+ T\u00e0i x\u1ebf g\u1eedi c\u00e1c th\u00f4ng tin chi ti\u1ebft v\u1ec1 ph\u01b0\u01a1ng ti\u1ec7n (xe m\u00e1y\/\u00f4 t\u00f4) v\u1ec1 Ban qu\u1ea3n tr\u1ecb th\u00f4ng qua app IGO: T\u00ean ph\u01b0\u01a1ng ti\u1ec7n, H\u00e3ng xe, Lo\u1ea1i ph\u01b0\u01a1ng ti\u1ec7n, M\u00e0u xe, Bi\u1ec3n s\u1ed1 xe.<\/p>\n<p>+ Sau \u0111\u00f3, ti\u1ebfn h\u00e0nh k\u00fd k\u1ebft h\u1ee3p \u0111\u1ed3ng t\u1ea1i tr\u1ee5 s\u1edf c\u00f4ng ty. C\u00f4ng ty s\u1ebd thu th\u1eadp v\u00e0 ki\u1ebfm ch\u1ee9ng c\u00e1c th\u00f4ng tin sau: Ch\u1ee9ng minh nh\u00e2n d\u00e2n\/C\u0103n c\u01b0\u1edbc c\u00f4ng d\u00e2n\/H\u1ed9 chi\u1ebfu\/Th\u1ebb c\u0103n c\u01b0\u1edbc c\u1ee7a t\u00e0i x\u1ebf; Email, S\u1ed1 \u0111i\u1ec7n tho\u1ea1i; Th\u00f4ng tin v\u1ec1 s\u1ed1 t\u00e0i kho\u1ea3n ng\u00e2n h\u00e0ng; C\u00e1c gi\u1ea5y t\u1edd: B\u1eb1ng t\u00e0i x\u1ebf, Gi\u1ea5y \u0111\u0103ng k\u00fd xe, B\u1ea3o hi\u1ec3m tai n\u1ea1n b\u1eaft bu\u1ed9c theo xe.<\/p>\n<p>+ C\u00f4ng ty x\u00e1c th\u1ef1c th\u00f4ng tin v\u00e0 c\u1ea5p t\u00e0i kho\u1ea3n cho t\u00e0i x\u1ebf s\u1eed d\u1ee5ng.<\/p>\n<p><strong><em>H\u00e0nh vi b\u1ecb c\u1ea5m khi \u0111\u0103ng m\u00f4 t\u1ea3 s\u1ea3n ph\u1ea9m<\/em><\/strong><\/p>\n<ul>\n<li>Ph\u1ea3i d\u00f9ng ng\u00f4n t\u1eeb trong s\u00e1ng, r\u00f5 r\u00e0ng, \u0111\u00fang ch\u00ednh t\u1ea3, nghi\u00eam c\u1ea5m m\u1ecdi h\u00ecnh th\u1ee9c vi\u1ebft nh\u1ecbu, vi\u1ebft t\u1eaft theo h\u00ecnh th\u1ee9c ch\u00e1t, ng\u00f4n ng\u1eef t\u1ed1i ngh\u0129a.<\/li>\n<li>Kh\u00f4ng \u0111\u01b0\u1ee3c ph\u00e9p \u0111\u1ec3 ch\u1eef k\u00fd mang t\u00ednh ch\u1ea5t qu\u1ea3ng c\u00e1o, l\u00f4i k\u00e9o Ng\u01b0\u1eddi mua h\u00e0ng cho \u1ee9ng d\u1ee5ng kh\u00e1c.<\/li>\n<\/ul>\n<p><strong><em>&nbsp;Danh s\u00e1ch ho\u1ea1t \u0111\u1ed9ng qu\u1ea3ng c\u00e1o b\u1ecb c\u1ea5m tr\u00ean S\u00e0n giao d\u1ecbch <\/em><\/strong><strong><em>IGO<\/em><\/strong><\/p>\n<ul>\n<li>Qu\u1ea3ng c\u00e1o thi\u1ebfu th\u1ea9m m\u1ef9, tr\u00e1i v\u1edbi truy\u1ec1n th\u1ed1ng l\u1ecbch s\u1eed, v\u0103n h\u00f3a, \u0111\u1ea1o \u0111\u1ee9c, thu\u1ea7n phong m\u1ef9 t\u1ee5c Vi\u1ec7t Nam;<\/li>\n<li>Qu\u1ea3ng c\u00e1o g\u00e2y \u1ea3nh h\u01b0\u1edfng x\u1ea5u \u0111\u1ebfn s\u1ef1 t\u00f4n nghi\u00eam \u0111\u1ed1i v\u1edbi Qu\u1ed1c k\u1ef3, Qu\u1ed1c huy, Qu\u1ed1c ca, \u0110\u1ea3ng k\u1ef3, anh h\u00f9ng d\u00e2n t\u1ed9c, danh nh\u00e2n v\u0103n h\u00f3a, l\u00e3nh t\u1ee5, l\u00e3nh \u0111\u1ea1o \u0110\u1ea3ng, Nh\u00e0 n\u01b0\u1edbc;<\/li>\n<li>Qu\u1ea3ng c\u00e1o c\u00f3 t\u00ednh ch\u1ea5t k\u1ef3 th\u1ecb d\u00e2n t\u1ed9c, ph\u00e2n bi\u1ec7t ch\u1ee7ng t\u1ed9c, x\u00e2m ph\u1ea1m t\u1ef1 do t\u00edn ng\u01b0\u1ee1ng, t\u00f4n gi\u00e1o, \u0111\u1ecbnh ki\u1ebfn v\u1ec1 gi\u1edbi, v\u1ec1 ng\u01b0\u1eddi khuy\u1ebft t\u1eadt;<\/li>\n<li>Qu\u1ea3ng c\u00e1o x\u00fac ph\u1ea1m uy t\u00edn, danh d\u1ef1, nh\u00e2n ph\u1ea9m c\u1ee7a t\u1ed5 ch\u1ee9c, c\u00e1 nh\u00e2n;<\/li>\n<li>Qu\u1ea3ng c\u00e1o c\u00f3 s\u1eed d\u1ee5ng h\u00ecnh \u1ea3nh, l\u1eddi n\u00f3i, ch\u1eef vi\u1ebft c\u1ee7a c\u00e1 nh\u00e2n khi ch\u01b0a \u0111\u01b0\u1ee3c c\u00e1 nh\u00e2n \u0111\u00f3 \u0111\u1ed3ng \u00fd, tr\u1eeb tr\u01b0\u1eddng h\u1ee3p \u0111\u01b0\u1ee3c ph\u00e1p lu\u1eadt cho ph\u00e9p;<\/li>\n<li>Qu\u1ea3ng c\u00e1o kh\u00f4ng \u0111\u00fang ho\u1eb7c g\u00e2y nh\u1ea7m l\u1eabn v\u1ec1 kh\u1ea3 n\u0103ng kinh doanh, kh\u1ea3 n\u0103ng cung c\u1ea5p s\u1ea3n ph\u1ea9m, h\u00e0ng h\u00f3a, d\u1ecbch v\u1ee5 c\u1ee7a t\u1ed5 ch\u1ee9c, c\u00e1 nh\u00e2n kinh doanh s\u1ea3n ph\u1ea9m, h\u00e0ng h\u00f3a, d\u1ecbch v\u1ee5; v\u1ec1 s\u1ed1 l\u01b0\u1ee3ng, ch\u1ea5t l\u01b0\u1ee3ng, gi\u00e1, c\u00f4ng d\u1ee5ng, ki\u1ec3u d\u00e1ng, bao b\u00ec, nh\u00e3n hi\u1ec7u, xu\u1ea5t x\u1ee9, ch\u1ee7ng lo\u1ea1i, ph\u01b0\u01a1ng th\u1ee9c ph\u1ee5c v\u1ee5, th\u1eddi h\u1ea1n b\u1ea3o h\u00e0nh c\u1ee7a s\u1ea3n ph\u1ea9m, h\u00e0ng ho\u00e1, d\u1ecbch v\u1ee5 \u0111\u00e3 \u0111\u0103ng k\u00fd ho\u1eb7c \u0111\u00e3 \u0111\u01b0\u1ee3c c\u00f4ng b\u1ed1;<\/li>\n<li>Qu\u1ea3ng c\u00e1o b\u1eb1ng vi\u1ec7c s\u1eed d\u1ee5ng ph\u01b0\u01a1ng ph\u00e1p so s\u00e1nh tr\u1ef1c ti\u1ebfp v\u1ec1 gi\u00e1 c\u1ea3, ch\u1ea5t l\u01b0\u1ee3ng, hi\u1ec7u qu\u1ea3 s\u1eed d\u1ee5ng s\u1ea3n ph\u1ea9m, h\u00e0ng h\u00f3a, d\u1ecbch v\u1ee5 c\u1ee7a m\u00ecnh v\u1edbi gi\u00e1 c\u1ea3, ch\u1ea5t l\u01b0\u1ee3ng, hi\u1ec7u qu\u1ea3 s\u1eed d\u1ee5ng s\u1ea3n ph\u1ea9m, h\u00e0ng h\u00f3a, d\u1ecbch v\u1ee5 c\u00f9ng lo\u1ea1i c\u1ee7a t\u1ed5 ch\u1ee9c, c\u00e1 nh\u00e2n kh\u00e1c;<\/li>\n<li>Qu\u1ea3ng c\u00e1o c\u00f3 s\u1eed d\u1ee5ng c\u00e1c t\u1eeb ng\u1eef \u201cnh\u1ea5t\u201d, \u201cduy nh\u1ea5t\u201d, \u201ct\u1ed1t nh\u1ea5t\u201d, \u201cs\u1ed1 m\u1ed9t\u201d ho\u1eb7c t\u1eeb ng\u1eef c\u00f3 \u00fd ngh\u0129a t\u01b0\u01a1ng t\u1ef1 m\u00e0 kh\u00f4ng c\u00f3 t\u00e0i li\u1ec7u h\u1ee3p ph\u00e1p ch\u1ee9ng minh theo quy \u0111\u1ecbnh c\u1ee7a B\u1ed9 V\u0103n h\u00f3a, Th\u1ec3 thao v\u00e0 Du l\u1ecbch;<\/li>\n<li>Qu\u1ea3ng c\u00e1o c\u00f3 n\u1ed9i dung c\u1ea1nh tranh kh\u00f4ng l\u00e0nh m\u1ea1nh theo quy \u0111\u1ecbnh c\u1ee7a ph\u00e1p lu\u1eadt v\u1ec1 c\u1ea1nh tranh;<\/li>\n<li>Qu\u1ea3ng c\u00e1o vi ph\u1ea1m ph\u00e1p lu\u1eadt v\u1ec1 s\u1edf h\u1eefu tr\u00ed tu\u1ec7;<\/li>\n<li>C\u00e1c ho\u1ea1t \u0111\u1ed9ng b\u1ecb c\u1ea5m qu\u1ea3ng c\u00e1o kh\u00e1c theo quy \u0111\u1ecbnh c\u1ee7a Lu\u1eadt Qu\u1ea3ng c\u00e1o n\u0103m 2012.<\/li>\n<\/ul>\n<p><strong><em>. Ch\u1ebf t\u00e0i<\/em><\/strong><\/p>\n<p>Trong qu\u00e1 tr\u00ecnh cung \u1ee9ng d\u1ecbch v\u1ee5 t\u1edbi Ng\u01b0\u1eddi mua, Nh\u00e0 cung c\u1ea5p d\u1ecbch v\u1ee5 (\u0110\u1ed1i t\u00e1c c\u1ee7a IGO) c\u1ea7n tr\u00e1nh th\u1ef1c hi\u1ec7n c\u00e1c h\u00e0nh vi sau n\u1ebfu kh\u00f4ng mu\u1ed1n ch\u1ecbu c\u00e1c ch\u1ebf t\u00e0i m\u00e0 IGO \u0111\u1ec1 ra. C\u1ee5 th\u1ec3:<\/p>\n<p><strong><u>*<\/u><\/strong> <strong><u>\u0110\u1ed1i v\u1edbi t\u00e0i x\u1ebf<\/u><\/strong><\/p>\n<p><em>&#8211; Nh\u1eefng tr\u01b0\u1eddng h\u1ee3p b\u1ecb c\u1ea3nh c\u00e1o v\u00e0 ph\u1ea1t 500.000 VN\u0110 (ti\u1ec1n ph\u1ea1t s\u1ebd tr\u1eeb th\u1eb3ng v\u00e0o v\u00ed IGO)<\/em><\/p>\n<p>+ Th\u00e1i \u0111\u1ed9 thi\u1ebfu chuy\u00ean nghi\u1ec7p, khi\u1ebfm nh\u00e3 v\u1edbi kh\u00e1ch h\u00e0ng;<\/p>\n<p>+ L\u00e1i xe qu\u00e1 nhanh, kh\u00f4ng tu\u00e2n th\u1ee7 lu\u1eadt l\u1ec7 giao th\u00f4ng; s\u1eed d\u1ee5ng \u0111i\u1ec7n tho\u1ea1i khi \u0111ang l\u00e1i xe (l\u00e1i xe kh\u00f4ng an to\u00e0n);<\/p>\n<p>+ \u0110\u01b0a ra nh\u1eefng l\u00fd do kh\u00f4ng ch\u00ednh \u0111\u00e1ng v\u00e0 b\u1eaft Kh\u00e1ch h\u00e0ng hu\u1ef7 \u0111\u01a1n h\u00e0ng;<\/p>\n<p>+ B\u1ecb Kh\u00e1ch h\u00e0ng than phi\u1ec1n v\u1ec1 t\u00ecnh tr\u1ea1ng xe ho\u1eb7c trang ph\u1ee5c\/m\u0169 b\u1ea3o hi\u1ec3m kh\u00f4ng s\u1ea1ch s\u1ebd;<\/p>\n<p>+ H\u00fat thu\u1ed1c trong khi l\u00e1i xe, m\u0169 b\u1ea3o hi\u1ec3m kh\u00f4ng s\u1ea1ch s\u1ebd, b\u1eaft \u0111\u1ea7u m\u1ed9t \u0111\u01a1n \u0111\u1eb7t h\u00e0ng m\u00e0 kh\u00f4ng c\u00f3 x\u00e1c nh\u1eadn cho Kh\u00e1ch h\u00e0ng v\u00e0 c\u00e1c v\u1ea5n \u0111\u1ec1 kh\u00e1c g\u00e2y ra s\u1ef1 b\u1ea5t ti\u1ec7n cho Kh\u00e1ch h\u00e0ng;<\/p>\n<p>+ Li\u00ean h\u1ec7 v\u1edbi Kh\u00e1ch h\u00e0ng cho c\u00e1c v\u1ea5n \u0111\u1ec1 kh\u00e1c ngo\u00e0i v\u1ea5n \u0111\u1ec1 \u0111\u1eb7t \u0111\u01a1n h\u00e0ng;<\/p>\n<p>+ Y\u00eau c\u1ea7u thanh to\u00e1n th\u00eam c\u01b0\u1edbc ph\u00ed (ti\u1ec1n x\u0103ng, ti\u1ec1n tip);<\/p>\n<p>+ Mang theo ng\u01b0\u1eddi l\u1ea1 khi \u0111ang th\u1ef1c hi\u1ec7n \u0111\u01a1n h\u00e0ng;<\/p>\n<p>+ H\u00e0nh \u0111\u1ed9ng\/l\u1eddi n\u00f3i thi\u1ebfu t\u00f4n tr\u1ecdng Kh\u00e1ch h\u00e0ng;<\/p>\n<p>+ S\u1eed d\u1ee5ng kh\u00f4ng \u0111\u00fang xe \u0111\u0103ng k\u00fd \u0111\u1ec3 th\u1ef1c hi\u1ec7n \u0111\u01a1n \u0111\u1eb7t h\u00e0ng;<\/p>\n<p>+ Tr\u1ea3 kh\u00e1ch \u1edf \u0111\u1ecba \u0111i\u1ec3m kh\u00e1c v\u1edbi \u0111\u1ecba \u0111i\u1ec3m \u0111\u00e3 \u0111\u1eb7t tr\u00ean \u1ee9ng d\u1ee5ng ho\u1eb7c t\u1eeb ch\u1ed1i \u0111o\u1ea1n \u0111\u01b0\u1eddng m\u00e0 kh\u00e1ch y\u00eau c\u1ea7u.<\/p>\n<ul>\n<li><em>Nh\u1eefng tr\u01b0\u1eddng h\u1ee3p b\u1ecb kh\u00f3a t\u00e0i kho\u1ea3n trong 15 ng\u00e0y:<\/em><\/li>\n<\/ul>\n<p>+ L\u00e1i xe qu\u00e1 nhanh, kh\u00f4ng tu\u00e2n th\u1ee7 quy t\u1eafc giao th\u00f4ng, l\u00e1i xe trong t\u00ecnh tr\u1ea1ng kh\u00f4ng t\u1ec9nh t\u00e1o, s\u1eed d\u1ee5ng \u0111i\u1ec7n tho\u1ea1i trong khi l\u00e1i xe ho\u1eb7c vi ph\u1ea1m c\u00e1c ch\u1ec9 d\u1eabn l\u00e1i xe th\u00f4ng th\u01b0\u1eddng (l\u00e1i xe kh\u00f4ng an to\u00e0n);<\/p>\n<p>+ Tr\u1ea3 Kh\u00e1ch h\u00e0ng khi ch\u01b0a t\u1edbi \u0111i\u1ec3m \u0111\u1ebfn y\u00eau c\u1ea7u c\u1ee7a Kh\u00e1ch (kh\u00f4ng c\u00f3 s\u1ef1 \u0111\u1ed3ng \u00fd c\u1ee7a Kh\u00e1ch) ho\u1eb7c y\u00eau c\u1ea7u \u0110\u1ed1i t\u00e1c kh\u00e1c th\u1ef1c hi\u1ec7n chuy\u1ebfn \u0111i;<\/p>\n<p>+ Kh\u00f4ng h\u1ee3p t\u00e1c trong vi\u1ec7c tr\u1ea3 l\u1ea1i c\u00e1c \u0111\u1ed3 \u0111\u1ea1c do kh\u00e1ch h\u00e0ng \u0111\u1ec3 qu\u00ean tr\u00ean xe;<\/p>\n<p>+ G\u00e2y x\u00edch m\u00edch v\u1edbi c\u00e1c \u0110\u1ed1i t\u00e1c kh\u00e1c c\u1ee7a IGO kh\u00e1ch h\u00e0ng\/ nh\u00e2n vi\u00ean t\u1ea1i v\u0103n ph\u00f2ng v\u00e0 c\u00e1c c\u1eeda h\u00e0ng \u0110\u1ed1i t\u00e1c IGO;<\/p>\n<p>+ C\u1ea3n tr\u1edf c\u00e1c t\u00e0i x\u1ebf kh\u00e1c th\u1ef1c hi\u1ec7n c\u00e1c \u0111\u01a1n h\u00e0ng c\u1ee7a h\u1ecd;<\/p>\n<p>+ H\u1ed3 s\u01a1 \u0110\u1ed1i t\u00e1c b\u1ecb thi\u1ebfu ho\u1eb7c h\u1ebft h\u1ea1n;<\/p>\n<p>+ Ho\u00e0n th\u00e0nh \u0111\u01a1n h\u00e0ng v\u1edbi th\u1eddi gian, t\u1ed1c \u0111\u1ed9 ho\u1eb7c kho\u1ea3ng c\u00e1ch b\u1ea5t h\u1ee3p l\u00fd so v\u1edbi th\u1ef1c t\u1ebf;<\/p>\n<p>+ Th\u1ef1c hi\u1ec7n \u0111\u01a1n h\u00e0ng \u1ea3o, \u0111\u01a1n h\u00e0ng khi kh\u00f4ng c\u00f3 h\u00e0nh kh\u00e1ch, ph\u1ed1i h\u1ee3p \u0111\u1eb7t chuy\u1ebfn, gi\u1ea3 l\u1eadp \u0111\u1ecbnh v\u1ecb\u2026.;<\/p>\n<p>+ C\u00f3 s\u1ed1 sao trung b\u00ecnh th\u1ea5p;<\/p>\n<p>+ S\u1eed d\u1ee5ng c\u00e1c thi\u1ebft b\u1ecb \u0111\u00e1ng ng\u1edd \u0111\u1ec3 tr\u1ee5c l\u1ee3i;<\/p>\n<p>+ S\u1eed d\u1ee5ng ph\u1ea7n m\u1ec1m th\u1ee9 3 can thi\u1ec7p v\u00e0o qu\u00e1 tr\u00ecnh th\u1ef1c hi\u1ec7n \u0111\u01a1n h\u00e0ng \u0111\u1ec3 tr\u1ee5c l\u1ee3i;<\/p>\n<p>+ \u0110\u1ed1i t\u00e1c kh\u00f4ng \u0111\u00f3n kh\u00e1ch m\u00e0 v\u1eabn b\u1ea5m k\u1ebft th\u00fac chuy\u1ebfn \u0111i;<\/p>\n<p>+ Gi\u1ea5y t\u1edd b\u1ecb thi\u1ebfu ho\u1eb7c h\u1ebft h\u1ea1n;<\/p>\n<p>+ C\u00f3 s\u1ed1 sao trung b\u00ecnh th\u1ea5p d\u01b0\u1edbi 2*;<\/p>\n<ul>\n<li><em>Nh\u1eefng h\u00e0nh vi d\u1eabn \u0111\u1ebfn ng\u1eebng h\u1ee3p t\u00e1c v\u0129nh vi\u1ec5n:<\/em><\/li>\n<\/ul>\n<p>+ C\u00f3 h\u00e0nh vi gian l\u1eadn nh\u1eb1m tr\u1ee5c l\u1ee3i t\u1eeb ch\u00ednh s\u00e1ch c\u1ee7a IGO: \u0111\u1eb7t v\u00e0 th\u1ef1c hi\u1ec7n chuy\u1ebfn gi\u1ea3 m\u1ea1o, ho\u1eb7c ph\u1ed1i h\u1ee3p v\u1edbi c\u00e1c \u0110\u1ed1i t\u00e1c kh\u00e1c, nh\u00e0 h\u00e0ng, kh\u00e1ch h\u00e0ng, ng\u01b0\u1eddi th\u00e2n, b\u1ea1n b\u00e8 \u0111\u1ec3 th\u1ef1c hi\u1ec7n chuy\u1ebfn \u0111i;<\/p>\n<p>+ C\u00f3 nh\u1eefng chuy\u1ebfn \u0111i b\u1ea5t th\u01b0\u1eddng: th\u1ef1c hi\u1ec7n sai quy tr\u00ecnh \u0111\u01a1n h\u00e0ng;<\/p>\n<p>+ S\u1eed d\u1ee5ng chung t\u00e0i kho\u1ea3n IGO v\u1edbi \u0110\u1ed1i t\u00e1c kh\u00e1c;<\/p>\n<p>+ H\u00e0nh \u0111\u1ed9ng li\u00ean quan \u0111\u1ebfn vi\u1ec7c Qu\u1ea5y r\u1ed1i t\u00ecnh d\u1ee5c (qua v\u0103n b\u1ea3n ho\u1eb7c l\u1eddi n\u00f3i);<\/p>\n<p>+ L\u00e1i xe \u1ea9u, l\u00e1i xe kh\u00f4ng an to\u00e0n g\u00e2y tai n\u1ea1n nghi\u00eam tr\u1ecdng;<\/p>\n<p>+ S\u1eed d\u1ee5ng ch\u1ea5t k\u00edch th\u00edch, ch\u1ea5t c\u1ed3n \u1ea3nh h\u01b0\u1edfng t\u1edbi chuy\u1ebfn \u0111i;<\/p>\n<p>+ Tranh c\u00e3i, khi\u00eau kh\u00edch \u0111\u00e1nh nhau (qua l\u1eddi n\u00f3i ho\u1eb7c v\u0103n b\u1ea3n) v\u1edbi kh\u00e1ch h\u00e0ng trong ho\u1eb7c sau chuy\u1ebfn \u0111i;<\/p>\n<p>+ Cung c\u1ea5p m\u00f3n \u0103n kh\u00f4ng \u0111\u1ea3m b\u1ea3o v\u1ec7 sinh an to\u00e0n th\u1ef1c ph\u1ea9m<\/p>\n<p><strong>L\u01b0u \u00fd:<\/strong> \u0110\u1ed1i v\u1edbi tr\u01b0\u1eddng h\u1ee3p ng\u1eebng h\u1ee3p t\u00e1c v\u0129nh vi\u1ec5n, \u0110\u1ed1i t\u00e1c vui l\u00f2ng \u0111\u1ebfn Tr\u1ee5 s\u1edf c\u00f4ng ty IGO trong v\u00f2ng 07 ng\u00e0y k\u1ec3 t\u1eeb th\u1eddi \u0111i\u1ec3m b\u1ecb kho\u00e1 t\u00e0i kho\u1ea3n \u0111\u1ec3 \u0111\u01b0\u1ee3c h\u1ed7 tr\u1ee3 gi\u1ea3i quy\u1ebft. Sau th\u1eddi gian 07 ng\u00e0y, IGO s\u1ebd kh\u00f4ng h\u1ed7 tr\u1ee3 gi\u1ea3i quy\u1ebft c\u00e1c tr\u01b0\u1eddng h\u1ee3p li\u00ean quan \u0111\u1ebfn v\u1ea5n \u0111\u1ec1 xem x\u00e9t vi ph\u1ea1m v\u00e0 thanh to\u00e1n s\u1ed1 d\u01b0 c\u1ee7a v\u00ed IGO c\u1ee7a \u0110\u1ed1i t\u00e1c.<\/p>\n<p><strong><em><u>C\u01a1 ch\u1ebf r\u00e0 so\u00e1t, ki\u1ec3m so\u00e1t th\u00f4ng tin v\u1ec1 qu\u1ea3ng c\u00e1o\/d\u1ecbch v\u1ee5 c\u1ee7a Ban qu\u1ea3n l\u00fd S\u00e0n giao d\u1ecbch TM\u0110T \u0111\u1ed1i v\u1edbi qu\u1ea3ng c\u00e1o\/d\u1ecbch v\u1ee5 \u0111\u0103ng t\u1ea3i tr\u00ean \u1ee9ng d\u1ee5ng<\/u><\/em><\/strong><\/p>\n<ul>\n<li>Nh\u00e0 cung c\u1ea5p d\u1ecbch v\u1ee5 mu\u1ed1n m\u1edf t\u00e0i kho\u1ea3n tr\u00ean IGO s\u1ebd g\u1eedi th\u00f4ng tin c\u1ee7a m\u00ecnh cho Ban qu\u1ea3n tr\u1ecb c\u1ee7a IGO v\u00e0 ti\u1ebfn h\u00e0nh k\u00fd k\u1ebft h\u1ee3p \u0111\u1ed3ng v\u1edbi c\u00f4ng ty sau khi \u0111i\u1ec1n c\u00e1c th\u00f4ng tin theo y\u00eau c\u1ea7u c\u1ee7a form cung c\u1ea5p th\u00f4ng tin tr\u00ean app.<\/li>\n<\/ul>\n<p>Ban qu\u1ea3n tr\u1ecb s\u1ebd duy\u1ec7t th\u00f4ng tin v\u00e0 c\u1ea5p t\u00e0i kho\u1ea3n \u0111\u0103ng b\u00e1n cho c\u00e1c \u0111\u1ed1i t\u00e1c sau khi k\u00fd k\u1ebft h\u1ee3p \u0111\u1ed3ng. T\u1eeb \u0111\u00f3, \u0111\u1ed1i t\u00e1c c\u00f3 th\u1ec3 s\u1eed d\u1ee5ng c\u00e1c t\u00e0i kho\u1ea3n \u0111\u01b0\u1ee3c c\u1ea5p \u0111\u1ec3 ti\u1ebfn h\u00e0nh cung \u1ee9ng d\u1ecbch v\u1ee5 t\u1edbi ng\u01b0\u1eddi mua;<\/p>\n<ul>\n<li>IGO s\u1ebd to\u00e0n quy\u1ec1n lo\u1ea1i b\u1ecf c\u00e1c th\u00f4ng tin c\u1ee7a \u0110\u1ed1i t\u00e1c n\u1ebfu th\u00f4ng tin \u0111\u00f3 vi ph\u1ea1m ph\u00e1p lu\u1eadt, quy ch\u1ebf ho\u1ea1t \u0111\u1ed9ng, ch\u00ednh s\u00e1ch, quy \u0111\u1ecbnh c\u1ee7a s\u00e0n v\u00e0 \u00e1p d\u1ee5ng c\u00e1c h\u00ecnh th\u1ee9c x\u1eed ph\u1ea1t (ch\u1ebf t\u00e0i);<\/li>\n<li>IGO gi\u1eef quy\u1ec1n quy\u1ebft \u0111\u1ecbnh v\u1ec1 vi\u1ec7c l\u01b0u gi\u1eef hay lo\u1ea1i b\u1ecf tin \u0111\u00e3 \u0111\u0103ng tr\u00ean trang app n\u00e0y m\u00e0 kh\u00f4ng c\u1ea7n b\u00e1o tr\u01b0\u1edbc.<\/li>\n<li>Ban qu\u1ea3n l\u00fd s\u00e0n TM\u0110T IGO c\u00f3 c\u01a1 ch\u1ebf r\u00e0 so\u00e1t, ki\u1ec3m tra c\u00e1c th\u00f4ng tin v\u1ec1 s\u1ea3n ph\u1ea9m, d\u1ecbch v\u1ee5 c\u1ee7a \u0111\u1ed1i t\u00e1c h\u00e0ng ng\u00e0y m\u1ed9t c\u00e1ch li\u00ean t\u1ee5c; khuy\u1ebfn c\u00e1o c\u00e1c \u0111\u1ed1i t\u00e1c cung c\u1ea5p th\u00f4ng tin ch\u00ednh x\u00e1c v\u1ec1 s\u1ea3n ph\u1ea9m, d\u1ecbch v\u1ee5 \u0111\u0103ng b\u00e1n\/qu\u1ea3ng c\u00e1o ch\u1ec9 \u0111\u01b0\u1ee3c n\u1eb1m trong danh m\u1ee5c \u0111\u01b0\u1ee3c ph\u00e9p giao d\u1ecbch ho\u1eb7c kh\u00f4ng n\u1eb1m trong danh s\u00e1ch b\u1ecb c\u1ea5m qu\u1ea3ng c\u00e1o nh\u01b0 tr\u00ean.<\/li>\n<\/ul>\n<ol>\n<li><strong>C\u00e1c bi\u1ec7n ph\u00e1p v\u00e0 gi\u1ea3i quy\u1ebft tranh ch\u1ea5p<\/strong><strong> khi\u1ebfu n\u1ea1i <\/strong><\/li>\n<\/ol>\n<p>x T\u1ef1 th\u1ecfa thu\u1eadn&nbsp;&nbsp;&nbsp;&nbsp;&nbsp;&nbsp;&nbsp;&nbsp;&nbsp; &nbsp;&nbsp;&nbsp;&nbsp;&nbsp;&nbsp;&nbsp; x \u0110\u01b0a ra c\u01a1 quan ph\u00e1p lu\u1eadt &nbsp;&nbsp;&nbsp;&nbsp;&nbsp;&nbsp;&nbsp;&nbsp;&nbsp;&nbsp;&nbsp;&nbsp;&nbsp;&nbsp;&nbsp;&nbsp;&nbsp;&nbsp;&nbsp;&nbsp;&nbsp; \u25a1 H\u00ecnh th\u1ee9c kh\u00e1c<\/p>\n<p>Khi pha\u0301t hi\u00ea\u0323n th\u00f4ng tin ca\u0301 nh\u00e2n cu\u0309a mi\u0300nh bi\u0323 s\u01b0\u0309 du\u0323ng sai mu\u0323c \u0111i\u0301ch ho\u0103\u0323c pha\u0323m vi, ng\u01b0\u01a1\u0300i mua\/nh\u00e0 cung c\u1ea5p d\u1ecbch v\u1ee5 &#8211; \u0111\u00f4i t\u00e1c c\u1ee7a IGO co\u0301 quy\u00ea\u0300n g\u1eedi khi\u00ea\u0301u na\u0323i \u0111\u00ea\u0301n \u0111\u1ecba ch\u1ec9 Email c\u1ee7a iGO: <a href=\"mailto:info@igo.net.vn\">info@igo.net.vn<\/a> &nbsp;ho\u1eb7c G\u1ecdi \u0111i\u1ec7n tho\u1ea1i t\u1edbi s\u1ed1 hotline c\u1ee7a c\u00f4ng ty: 0948007900 ho\u1eb7c g\u1eedi khi\u1ebfu n\u1ea1i b\u1eb1ng v\u0103n b\u1ea3n t\u1edbi&nbsp; \u0111\u1ecba ch\u1ec9 tr\u1ee5 s\u1edf c\u00f4ng ty c\u00f9ng v\u01a1\u0301i ca\u0301c th\u00f4ng tin, ch\u01b0\u0301ng c\u01b0\u0301 li\u00ean quan t\u01a1\u0301i vi\u00ea\u0323c na\u0300y. C\u00f4ng ty cam k\u00ea\u0301t se\u0303 pha\u0309n h\u00f4\u0300i ngay l\u00e2\u0323p t\u01b0\u0301c trong vo\u0300ng 24 ti\u00ea\u0301ng k\u1ec3 t\u1eeb th\u1eddi \u0111i\u1ec3m nh\u1eadn \u0111\u01b0\u1ee3c khi\u1ebfu n\u1ea1i \u0111\u00ea\u0309 cu\u0300ng Ng\u01b0\u01a1\u0300i mua\/\u0110\u1ed1i t\u00e1c th\u00f4\u0301ng nh\u00e2\u0301t ph\u01b0\u01a1ng a\u0301n gia\u0309i quy\u00ea\u0301t.<\/p>\n<ol>\n<li><strong>C\u00e1c ti\u1ec7n \u00edch v\u00e0 d\u1ecbch v\u1ee5 h\u1ed7 tr\u1ee3 kh\u00e1c<\/strong><\/li>\n<\/ol>\n<p>x X\u00e1c th\u1ef1c \u0111\u01a1n h\u00e0ng qua SMS&nbsp;&nbsp;&nbsp;&nbsp;&nbsp; x X\u00e1c th\u1ef1c \u0111\u01a1n h\u00e0ng qua Email<\/p>\n<p>x C\u00f4ng c\u1ee5 Qu\u1ea3n l\u00fd \u0111\u01a1n h\u00e0ng&nbsp; &nbsp; &nbsp; &nbsp; &nbsp;x C\u00f4ng c\u1ee5 Qu\u1ea3n l\u00fd thanh to\u00e1n&nbsp;&nbsp;&nbsp;&nbsp;&nbsp;<\/p>\n<p>x \u0110\u00e1nh gi\u00e1 uy t\u00edn \u0111\u1ed1i t\u00e1c&nbsp; &nbsp; &nbsp; &nbsp; &nbsp; &nbsp; &nbsp; &nbsp; x T\u00edch h\u1ee3p m\u1ea1ng x\u00e3 h\u1ed9i&nbsp;&nbsp;&nbsp; &nbsp;&nbsp;&nbsp;&nbsp;&nbsp;&nbsp;&nbsp;&nbsp;&nbsp;&nbsp;&nbsp;<\/p>\n<p>x D\u1ecbch v\u1ee5 qu\u1ea3ng c\u00e1o<\/p>\n<p><!-- \/wp:paragraph --><\/p>\t\t\t\t\t\t\t\t<\/div>\n\t\t\t\t<\/div>\n\t\t\t\t<div class=\"elementor-element elementor-element-2b62231 aux-appear-watch-animation aux-fade-in-up elementor-widget elementor-widget-aux_modern_heading\" data-id=\"2b62231\" data-element_type=\"widget\" data-widget_type=\"aux_modern_heading.default\">\n\t\t\t\t<div class=\"elementor-widget-container\">\n\t\t\t\t\t<section class=\"aux-widget-modern-heading\">\n            <div class=\"aux-widget-inner\"><h5 class=\"aux-modern-heading-primary\">Special deals<\/h5><h3 class=\"aux-modern-heading-secondary\"><span class=\"aux-head-before\">Special deals<\/span><\/h3><\/div>\n        <\/section>\t\t\t\t<\/div>\n\t\t\t\t<\/div>\n\t\t\t\t\t<\/div>\n\t\t\t\t<\/div>\n\t\t\t\t<\/div>","protected":false},"excerpt":{"rendered":"<p>C\u01a0 CH\u1ebe GI\u1ea2I QUY\u1ebeT PH\u00c1T SINH TR\u00caN S\u00c0N IGO C\u01a1 ch\u1ebf ti\u1ebfp nh\u1eadn v\u00e0 gi\u1ea3i quy\u1ebft khi\u1ebfu n\u1ea1i c\u1ee7a ng\u01b0\u1eddi ti\u00eau d\u00f9ng li\u00ean quan \u0111\u1ebfn vi\u1ec7c th\u00f4ng tin c\u00e1 nh\u00e2n b\u1ecb s\u1eed d\u1ee5ng sai m\u1ee5c \u0111\u00edch ho\u1eb7c ph\u1ea1m vi \u0111\u00e3 th\u00f4ng b\u00e1o: =&gt; B\u01b0\u1edbc 1: Li\u00ean h\u1ec7 ngay \u0111\u1ebfn C\u00f4ng ty qu\u1ea3n l\u00fd S\u00e0n \u0111\u1ec3 [&hellip;]<\/p>","protected":false},"author":1,"featured_media":0,"parent":0,"menu_order":0,"comment_status":"closed","ping_status":"closed","template":"","meta":{"footnotes":""},"class_list":["post-630","page","type-page","status-publish","hentry"],"_links":{"self":[{"href":"https:\/\/igo.net.vn\/en\/wp-json\/wp\/v2\/pages\/630","targetHints":{"allow":["GET"]}}],"collection":[{"href":"https:\/\/igo.net.vn\/en\/wp-json\/wp\/v2\/pages"}],"about":[{"href":"https:\/\/igo.net.vn\/en\/wp-json\/wp\/v2\/types\/page"}],"author":[{"embeddable":true,"href":"https:\/\/igo.net.vn\/en\/wp-json\/wp\/v2\/users\/1"}],"replies":[{"embeddable":true,"href":"https:\/\/igo.net.vn\/en\/wp-json\/wp\/v2\/comments?post=630"}],"version-history":[{"count":0,"href":"https:\/\/igo.net.vn\/en\/wp-json\/wp\/v2\/pages\/630\/revisions"}],"wp:attachment":[{"href":"https:\/\/igo.net.vn\/en\/wp-json\/wp\/v2\/media?parent=630"}],"curies":[{"name":"wp","href":"https:\/\/api.w.org\/{rel}","templated":true}]}}